{"id":4867,"date":"2025-12-11T01:07:41","date_gmt":"2025-12-11T01:07:41","guid":{"rendered":"https:\/\/www.aiacaonline.org\/craftkatha-pop-up\/?page_id=4867"},"modified":"2025-12-11T13:06:13","modified_gmt":"2025-12-11T13:06:13","slug":"papier-mache-kashmir","status":"publish","type":"page","link":"https:\/\/www.aiacaonline.org\/craftkatha-pop-up\/papier-mache-kashmir\/","title":{"rendered":"Papier Mache Kashmir"},"content":{"rendered":"\t\t<div data-elementor-type=\"wp-page\" data-elementor-id=\"4867\" class=\"elementor elementor-4867\" data-elementor-post-type=\"page\">\n\t\t\t\t\t\t<section class=\"elementor-section elementor-top-section elementor-element elementor-element-bd595c8 elementor-section-boxed elementor-section-height-default elementor-section-height-default\" data-id=\"bd595c8\" data-element_type=\"section\" data-settings=\"{&quot;background_background&quot;:&quot;classic&quot;}\">\n\t\t\t\t\t\t<div class=\"elementor-container elementor-column-gap-default\">\n\t\t\t\t\t<div class=\"elementor-column elementor-col-50 elementor-top-column elementor-element elementor-element-226c772\" data-id=\"226c772\" data-element_type=\"column\">\n\t\t\t<div class=\"elementor-widget-wrap elementor-element-populated\">\n\t\t\t\t\t\t<div class=\"elementor-element elementor-element-8be5b6e elementor-widget elementor-widget-heading\" data-id=\"8be5b6e\" data-element_type=\"widget\" data-widget_type=\"heading.default\">\n\t\t\t\t<div class=\"elementor-widget-container\">\n\t\t\t\t\t<h2 class=\"elementor-heading-title elementor-size-default\">Craft Name: Kashmiri Papier M\u00e2ch\u00e9<\/h2>\t\t\t\t<\/div>\n\t\t\t\t<\/div>\n\t\t\t\t\t<\/div>\n\t\t<\/div>\n\t\t\t\t<div class=\"elementor-column elementor-col-50 elementor-top-column elementor-element elementor-element-99a7823\" data-id=\"99a7823\" data-element_type=\"column\">\n\t\t\t<div class=\"elementor-widget-wrap elementor-element-populated\">\n\t\t\t\t\t\t<div class=\"elementor-element elementor-element-8f29d82 elementor-widget elementor-widget-heading\" data-id=\"8f29d82\" data-element_type=\"widget\" data-widget_type=\"heading.default\">\n\t\t\t\t<div class=\"elementor-widget-container\">\n\t\t\t\t\t<h2 class=\"elementor-heading-title elementor-size-default\">Region: Srinagar, Kashmir (Jammu &amp; Kashmir)<\/h2>\t\t\t\t<\/div>\n\t\t\t\t<\/div>\n\t\t\t\t\t<\/div>\n\t\t<\/div>\n\t\t\t\t\t<\/div>\n\t\t<\/section>\n\t\t\t\t<section class=\"elementor-section elementor-top-section elementor-element elementor-element-43e8c18 elementor-section-boxed elementor-section-height-default elementor-section-height-default\" data-id=\"43e8c18\" data-element_type=\"section\" data-settings=\"{&quot;background_background&quot;:&quot;classic&quot;}\">\n\t\t\t\t\t\t<div class=\"elementor-container elementor-column-gap-default\">\n\t\t\t\t\t<div class=\"elementor-column elementor-col-50 elementor-top-column elementor-element elementor-element-3a53882\" data-id=\"3a53882\" data-element_type=\"column\">\n\t\t\t<div class=\"elementor-widget-wrap elementor-element-populated\">\n\t\t\t\t\t\t<section class=\"elementor-section elementor-inner-section elementor-element elementor-element-2fc6d95 elementor-section-boxed elementor-section-height-default elementor-section-height-default\" data-id=\"2fc6d95\" data-element_type=\"section\">\n\t\t\t\t\t\t<div class=\"elementor-container elementor-column-gap-default\">\n\t\t\t\t\t<div class=\"elementor-column elementor-col-50 elementor-inner-column elementor-element elementor-element-70b95c1\" data-id=\"70b95c1\" data-element_type=\"column\">\n\t\t\t<div class=\"elementor-widget-wrap elementor-element-populated\">\n\t\t\t\t\t\t<div class=\"elementor-element elementor-element-6e5616f elementor-widget elementor-widget-heading\" data-id=\"6e5616f\" data-element_type=\"widget\" data-widget_type=\"heading.default\">\n\t\t\t\t<div class=\"elementor-widget-container\">\n\t\t\t\t\t<h2 class=\"elementor-heading-title elementor-size-default\">CRAFT<br>\nHISTORY<\/h2>\t\t\t\t<\/div>\n\t\t\t\t<\/div>\n\t\t\t\t\t<\/div>\n\t\t<\/div>\n\t\t\t\t<div class=\"elementor-column elementor-col-50 elementor-inner-column elementor-element elementor-element-9507994\" data-id=\"9507994\" data-element_type=\"column\">\n\t\t\t<div class=\"elementor-widget-wrap elementor-element-populated\">\n\t\t\t\t\t\t<div class=\"elementor-element elementor-element-86cd3ac my-scroll-text elementor-widget elementor-widget-text-editor\" data-id=\"86cd3ac\" data-element_type=\"widget\" data-widget_type=\"text-editor.default\">\n\t\t\t\t<div class=\"elementor-widget-container\">\n\t\t\t\t\t\t\t\t\tPapier m\u00e2ch\u00e9 in Kashmir locally known as \u201cKar-e-Qalamdani\u201d traces its origins to the 14th century when the Persian mystic Mir Syed Ali Hamdani introduced Central Asian arts like paper crafting and naqashi. Kashmiri artisans adapted the technique using local materials and aesthetics. Over centuries, it became a symbol of Kashmiri artistry, especially during the Mughal and Afghan periods, when decorative boxes, bowls, Quran stands, and house d\u00e9cor items flourished.\t\t\t\t\t\t\t\t<\/div>\n\t\t\t\t<\/div>\n\t\t\t\t\t<\/div>\n\t\t<\/div>\n\t\t\t\t\t<\/div>\n\t\t<\/section>\n\t\t\t\t<section class=\"elementor-section elementor-inner-section elementor-element elementor-element-2938e32 elementor-section-boxed elementor-section-height-default elementor-section-height-default\" data-id=\"2938e32\" data-element_type=\"section\">\n\t\t\t\t\t\t<div class=\"elementor-container elementor-column-gap-default\">\n\t\t\t\t\t<div class=\"elementor-column elementor-col-33 elementor-inner-column elementor-element elementor-element-ca12463\" data-id=\"ca12463\" data-element_type=\"column\">\n\t\t\t<div class=\"elementor-widget-wrap elementor-element-populated\">\n\t\t\t\t\t\t<div class=\"elementor-element elementor-element-c772bfe elementor-widget elementor-widget-heading\" data-id=\"c772bfe\" data-element_type=\"widget\" data-widget_type=\"heading.default\">\n\t\t\t\t<div class=\"elementor-widget-container\">\n\t\t\t\t\t<h2 class=\"elementor-heading-title elementor-size-default\">WHAT\nMAKES IT\nUNIQUE:<\/h2>\t\t\t\t<\/div>\n\t\t\t\t<\/div>\n\t\t\t\t\t<\/div>\n\t\t<\/div>\n\t\t\t\t<div class=\"elementor-column elementor-col-33 elementor-inner-column elementor-element elementor-element-8ab510d\" data-id=\"8ab510d\" data-element_type=\"column\">\n\t\t\t<div class=\"elementor-widget-wrap elementor-element-populated\">\n\t\t\t\t\t\t<div class=\"elementor-element elementor-element-1fb4fc0 elementor-widget elementor-widget-text-editor\" data-id=\"1fb4fc0\" data-element_type=\"widget\" data-widget_type=\"text-editor.default\">\n\t\t\t\t<div class=\"elementor-widget-container\">\n\t\t\t\t\t\t\t\t\t<ul style=\"padding: 0 0 0px 0;\">\n<li>The craft stands today as a hallmark  of Kashmir&rsquo;s cultural identity and intricate hand-painting traditions. <\/li>\n  <li>Uses <strong>Saji paper, rice glue<\/strong>,  and <strong>natural pigments<\/strong> in traditional methods. <\/li>\n  <li>Received <strong>GI Tag recognition<\/strong> for  authenticity and heritage value.<\/li>\n<\/ul>\t\t\t\t\t\t\t\t<\/div>\n\t\t\t\t<\/div>\n\t\t\t\t\t<\/div>\n\t\t<\/div>\n\t\t\t\t<div class=\"elementor-column elementor-col-33 elementor-inner-column elementor-element elementor-element-e55f234\" data-id=\"e55f234\" data-element_type=\"column\">\n\t\t\t<div class=\"elementor-widget-wrap elementor-element-populated\">\n\t\t\t\t\t\t<div class=\"elementor-element elementor-element-9279a8d elementor-position-left elementor-vertical-align-middle elementor-widget elementor-widget-image-box\" data-id=\"9279a8d\" data-element_type=\"widget\" data-widget_type=\"image-box.default\">\n\t\t\t\t<div class=\"elementor-widget-container\">\n\t\t\t\t\t<div class=\"elementor-image-box-wrapper\"><figure class=\"elementor-image-box-img\"><img decoding=\"async\" width=\"72\" height=\"72\" src=\"https:\/\/www.aiacaonline.org\/craftkatha-pop-up\/wp-content\/uploads\/2025\/12\/GI-Tag-2023.webp\" class=\"attachment-full size-full wp-image-4126\" alt=\"\" \/><\/figure><div class=\"elementor-image-box-content\"><p class=\"elementor-image-box-description\">Received a <br>GI tag<\/p><\/div><\/div>\t\t\t\t<\/div>\n\t\t\t\t<\/div>\n\t\t\t\t\t<\/div>\n\t\t<\/div>\n\t\t\t\t\t<\/div>\n\t\t<\/section>\n\t\t\t\t\t<\/div>\n\t\t<\/div>\n\t\t\t\t<div class=\"elementor-column elementor-col-50 elementor-top-column elementor-element elementor-element-b31ba52\" data-id=\"b31ba52\" data-element_type=\"column\">\n\t\t\t<div class=\"elementor-widget-wrap elementor-element-populated\">\n\t\t\t\t\t\t<div class=\"elementor-element elementor-element-d8d7dc6 elementor-widget elementor-widget-image\" data-id=\"d8d7dc6\" data-element_type=\"widget\" data-widget_type=\"image.default\">\n\t\t\t\t<div class=\"elementor-widget-container\">\n\t\t\t\t\t\t\t\t\t\t\t\t\t\t\t<img fetchpriority=\"high\" decoding=\"async\" width=\"300\" height=\"300\" src=\"https:\/\/www.aiacaonline.org\/craftkatha-pop-up\/wp-content\/uploads\/2025\/12\/PAPIER-MACHE-KASHMIR.webp\" class=\"attachment-large size-large wp-image-5462\" alt=\"\" srcset=\"https:\/\/www.aiacaonline.org\/craftkatha-pop-up\/wp-content\/uploads\/2025\/12\/PAPIER-MACHE-KASHMIR.webp 300w, https:\/\/www.aiacaonline.org\/craftkatha-pop-up\/wp-content\/uploads\/2025\/12\/PAPIER-MACHE-KASHMIR-150x150.webp 150w, https:\/\/www.aiacaonline.org\/craftkatha-pop-up\/wp-content\/uploads\/2025\/12\/PAPIER-MACHE-KASHMIR-240x240.webp 240w\" sizes=\"(max-width: 300px) 100vw, 300px\" \/>\t\t\t\t\t\t\t\t\t\t\t\t\t\t\t<\/div>\n\t\t\t\t<\/div>\n\t\t\t\t\t<\/div>\n\t\t<\/div>\n\t\t\t\t\t<\/div>\n\t\t<\/section>\n\t\t\t\t<section class=\"elementor-section elementor-top-section elementor-element elementor-element-ba319fd elementor-section-boxed elementor-section-height-default elementor-section-height-default\" data-id=\"ba319fd\" data-element_type=\"section\" data-settings=\"{&quot;background_background&quot;:&quot;classic&quot;}\">\n\t\t\t\t\t\t<div class=\"elementor-container elementor-column-gap-default\">\n\t\t\t\t\t<div class=\"elementor-column elementor-col-50 elementor-top-column elementor-element elementor-element-52639f6\" data-id=\"52639f6\" data-element_type=\"column\">\n\t\t\t<div class=\"elementor-widget-wrap elementor-element-populated\">\n\t\t\t\t\t\t<section class=\"elementor-section elementor-inner-section elementor-element elementor-element-0da813c elementor-section-boxed elementor-section-height-default elementor-section-height-default\" data-id=\"0da813c\" data-element_type=\"section\" data-settings=\"{&quot;background_background&quot;:&quot;classic&quot;}\">\n\t\t\t\t\t\t<div class=\"elementor-container elementor-column-gap-default\">\n\t\t\t\t\t<div class=\"elementor-column elementor-col-100 elementor-inner-column elementor-element elementor-element-5f90120\" data-id=\"5f90120\" data-element_type=\"column\">\n\t\t\t<div class=\"elementor-widget-wrap elementor-element-populated\">\n\t\t\t\t\t\t<div class=\"elementor-element elementor-element-03d94ca elementor-widget elementor-widget-heading\" data-id=\"03d94ca\" data-element_type=\"widget\" data-widget_type=\"heading.default\">\n\t\t\t\t<div class=\"elementor-widget-container\">\n\t\t\t\t\t<h2 class=\"elementor-heading-title elementor-size-default\">COLOURS<\/h2>\t\t\t\t<\/div>\n\t\t\t\t<\/div>\n\t\t\t\t<div class=\"elementor-element elementor-element-91f7575 elementor-widget elementor-widget-text-editor\" data-id=\"91f7575\" data-element_type=\"widget\" data-widget_type=\"text-editor.default\">\n\t\t\t\t<div class=\"elementor-widget-container\">\n\t\t\t\t\t\t\t\t\t<ul><li>Deep jewel tones: lapis blue, emerald, crimson, gold, black<\/li><li>Gold outlining using <strong>tilla<\/strong> (traditional gold detailing)<\/li><li>Subtle pastel shades in contemporary work<\/li><\/ul><p><strong>How much time does it take to make a product, and how many artisans are involved in the process?<\/strong><br \/>A Kashmiri papier-mache product takes 7\u201320 days, crafted by 2\u20134 artisans<\/p>\t\t\t\t\t\t\t\t<\/div>\n\t\t\t\t<\/div>\n\t\t\t\t\t<\/div>\n\t\t<\/div>\n\t\t\t\t\t<\/div>\n\t\t<\/section>\n\t\t\t\t<section class=\"elementor-section elementor-inner-section elementor-element elementor-element-84cdef1 elementor-section-boxed elementor-section-height-default elementor-section-height-default\" data-id=\"84cdef1\" data-element_type=\"section\" data-settings=\"{&quot;background_background&quot;:&quot;classic&quot;}\">\n\t\t\t\t\t\t<div class=\"elementor-container elementor-column-gap-default\">\n\t\t\t\t\t<div class=\"elementor-column elementor-col-50 elementor-inner-column elementor-element elementor-element-20c6d61\" data-id=\"20c6d61\" data-element_type=\"column\">\n\t\t\t<div class=\"elementor-widget-wrap elementor-element-populated\">\n\t\t\t\t\t\t<div class=\"elementor-element elementor-element-0669db4 elementor-widget elementor-widget-heading\" data-id=\"0669db4\" data-element_type=\"widget\" data-widget_type=\"heading.default\">\n\t\t\t\t<div class=\"elementor-widget-container\">\n\t\t\t\t\t<h2 class=\"elementor-heading-title elementor-size-default\">MOTIFS<\/h2>\t\t\t\t<\/div>\n\t\t\t\t<\/div>\n\t\t\t\t<div class=\"elementor-element elementor-element-7141bcf elementor-widget elementor-widget-text-editor\" data-id=\"7141bcf\" data-element_type=\"widget\" data-widget_type=\"text-editor.default\">\n\t\t\t\t<div class=\"elementor-widget-container\">\n\t\t\t\t\t\t\t\t\t<ul style=\"padding: 0 0 0px 0;\">\n<li>Hazara (thousand-flower) patterns <\/li>\n  <li>Shikaras, chinar leaves, lotus ponds<\/li>\n  <li>Arabesques, geometric patterns<\/li>\n  <li>Persian-inspired floral vines<\/li>\n  <li>Birds, animals, and miniature scenes<\/li>\n<\/ul>\t\t\t\t\t\t\t\t<\/div>\n\t\t\t\t<\/div>\n\t\t\t\t\t<\/div>\n\t\t<\/div>\n\t\t\t\t<div class=\"elementor-column elementor-col-50 elementor-inner-column elementor-element elementor-element-4ef8a5a\" data-id=\"4ef8a5a\" data-element_type=\"column\" data-settings=\"{&quot;background_background&quot;:&quot;classic&quot;}\">\n\t\t\t<div class=\"elementor-widget-wrap elementor-element-populated\">\n\t\t\t\t\t\t<div class=\"elementor-element elementor-element-aab3c5c elementor-widget elementor-widget-heading\" data-id=\"aab3c5c\" data-element_type=\"widget\" data-widget_type=\"heading.default\">\n\t\t\t\t<div class=\"elementor-widget-container\">\n\t\t\t\t\t<h2 class=\"elementor-heading-title elementor-size-default\">RAW MATERIAL<\/h2>\t\t\t\t<\/div>\n\t\t\t\t<\/div>\n\t\t\t\t<div class=\"elementor-element elementor-element-a918f09 elementor-widget elementor-widget-text-editor\" data-id=\"a918f09\" data-element_type=\"widget\" data-widget_type=\"text-editor.default\">\n\t\t\t\t<div class=\"elementor-widget-container\">\n\t\t\t\t\t\t\t\t\t<ul style=\"padding: 0 0 0px 0;\">\n<li>Waste paper (newspapers, cardboard)<\/li>\n  <li>Rice glue (L\u00e9&rsquo;i) or natural  adhesives<\/li>\n  <li>Cloth scraps<\/li>\n  <li>Chalk powder<\/li>\n  <li>Colours: natural pigments or  acrylics<\/li>\n  <li>Varnish \/ lacquer<\/li>\n  <li>Gold foil or gold paint <\/li>\n<\/ul>\t\t\t\t\t\t\t\t<\/div>\n\t\t\t\t<\/div>\n\t\t\t\t\t<\/div>\n\t\t<\/div>\n\t\t\t\t\t<\/div>\n\t\t<\/section>\n\t\t\t\t\t<\/div>\n\t\t<\/div>\n\t\t\t\t<div class=\"elementor-column elementor-col-50 elementor-top-column elementor-element elementor-element-a39ae79\" data-id=\"a39ae79\" data-element_type=\"column\" data-settings=\"{&quot;background_background&quot;:&quot;classic&quot;}\">\n\t\t\t<div class=\"elementor-widget-wrap elementor-element-populated\">\n\t\t\t\t\t\t<section class=\"elementor-section elementor-inner-section elementor-element elementor-element-00774ef elementor-section-boxed elementor-section-height-default elementor-section-height-default\" data-id=\"00774ef\" data-element_type=\"section\">\n\t\t\t\t\t\t<div class=\"elementor-container elementor-column-gap-default\">\n\t\t\t\t\t<div class=\"elementor-column elementor-col-100 elementor-inner-column elementor-element elementor-element-fbb0a1e\" data-id=\"fbb0a1e\" data-element_type=\"column\">\n\t\t\t<div class=\"elementor-widget-wrap elementor-element-populated\">\n\t\t\t\t\t\t<div class=\"elementor-element elementor-element-b9c9c90 elementor-widget elementor-widget-heading\" data-id=\"b9c9c90\" data-element_type=\"widget\" data-widget_type=\"heading.default\">\n\t\t\t\t<div class=\"elementor-widget-container\">\n\t\t\t\t\t<h2 class=\"elementor-heading-title elementor-size-default\">CRAFT MAKING PROCESS<\/h2>\t\t\t\t<\/div>\n\t\t\t\t<\/div>\n\t\t\t\t\t<\/div>\n\t\t<\/div>\n\t\t\t\t\t<\/div>\n\t\t<\/section>\n\t\t\t\t<section class=\"elementor-section elementor-inner-section elementor-element elementor-element-6e6ab35 elementor-section-boxed elementor-section-height-default elementor-section-height-default\" data-id=\"6e6ab35\" data-element_type=\"section\">\n\t\t\t\t\t\t<div class=\"elementor-container elementor-column-gap-default\">\n\t\t\t\t\t<div class=\"elementor-column elementor-col-100 elementor-inner-column elementor-element elementor-element-8a49aea\" data-id=\"8a49aea\" data-element_type=\"column\">\n\t\t\t<div class=\"elementor-widget-wrap elementor-element-populated\">\n\t\t\t\t\t\t<div class=\"elementor-element elementor-element-16b072e elementor-widget elementor-widget-image\" data-id=\"16b072e\" data-element_type=\"widget\" data-widget_type=\"image.default\">\n\t\t\t\t<div class=\"elementor-widget-container\">\n\t\t\t\t\t\t\t\t\t\t\t\t\t\t\t<img decoding=\"async\" width=\"1112\" height=\"620\" src=\"https:\/\/www.aiacaonline.org\/craftkatha-pop-up\/wp-content\/uploads\/2025\/12\/Kashmiri-Papier-Mache.webp\" class=\"attachment-full size-full wp-image-4878\" alt=\"\" srcset=\"https:\/\/www.aiacaonline.org\/craftkatha-pop-up\/wp-content\/uploads\/2025\/12\/Kashmiri-Papier-Mache.webp 1112w, https:\/\/www.aiacaonline.org\/craftkatha-pop-up\/wp-content\/uploads\/2025\/12\/Kashmiri-Papier-Mache-300x167.webp 300w, https:\/\/www.aiacaonline.org\/craftkatha-pop-up\/wp-content\/uploads\/2025\/12\/Kashmiri-Papier-Mache-1024x571.webp 1024w, https:\/\/www.aiacaonline.org\/craftkatha-pop-up\/wp-content\/uploads\/2025\/12\/Kashmiri-Papier-Mache-768x428.webp 768w, https:\/\/www.aiacaonline.org\/craftkatha-pop-up\/wp-content\/uploads\/2025\/12\/Kashmiri-Papier-Mache-1080x602.webp 1080w\" sizes=\"(max-width: 1112px) 100vw, 1112px\" \/>\t\t\t\t\t\t\t\t\t\t\t\t\t\t\t<\/div>\n\t\t\t\t<\/div>\n\t\t\t\t\t<\/div>\n\t\t<\/div>\n\t\t\t\t\t<\/div>\n\t\t<\/section>\n\t\t\t\t\t<\/div>\n\t\t<\/div>\n\t\t\t\t\t<\/div>\n\t\t<\/section>\n\t\t\t\t<section class=\"elementor-section elementor-top-section elementor-element elementor-element-34b28b4 elementor-section-boxed elementor-section-height-default elementor-section-height-default\" data-id=\"34b28b4\" data-element_type=\"section\" data-settings=\"{&quot;background_background&quot;:&quot;classic&quot;}\">\n\t\t\t\t\t\t<div class=\"elementor-container elementor-column-gap-default\">\n\t\t\t\t\t<div class=\"elementor-column elementor-col-33 elementor-top-column elementor-element elementor-element-2ce0a4e\" data-id=\"2ce0a4e\" data-element_type=\"column\">\n\t\t\t<div class=\"elementor-widget-wrap elementor-element-populated\">\n\t\t\t\t\t\t<div class=\"elementor-element elementor-element-73019e7 elementor-widget__width-initial elementor-widget elementor-widget-heading\" data-id=\"73019e7\" data-element_type=\"widget\" data-widget_type=\"heading.default\">\n\t\t\t\t<div class=\"elementor-widget-container\">\n\t\t\t\t\t<h2 class=\"elementor-heading-title elementor-size-default\">HOW TO IDENTIFY GENUINE AND AUTHENTIC CRAFT<\/h2>\t\t\t\t<\/div>\n\t\t\t\t<\/div>\n\t\t\t\t\t<\/div>\n\t\t<\/div>\n\t\t\t\t<div class=\"elementor-column elementor-col-33 elementor-top-column elementor-element elementor-element-d47a9d7\" data-id=\"d47a9d7\" data-element_type=\"column\">\n\t\t\t<div class=\"elementor-widget-wrap elementor-element-populated\">\n\t\t\t\t\t\t<div class=\"elementor-element elementor-element-9faea19 elementor-widget elementor-widget-text-editor\" data-id=\"9faea19\" data-element_type=\"widget\" data-widget_type=\"text-editor.default\">\n\t\t\t\t<div class=\"elementor-widget-container\">\n\t\t\t\t\t\t\t\t\t<ul>\n<li><strong>Hand-Painted Detailing: <\/strong>It shows extremely fine brushwork,  each flower and line is distinct, not printed. <\/li>\n  <li><strong>Lightweight Base: <\/strong>Authentic products are lightweight  but sturdy due to hand-layered pulp. <\/li>\n<\/ul>\t\t\t\t\t\t\t\t<\/div>\n\t\t\t\t<\/div>\n\t\t\t\t\t<\/div>\n\t\t<\/div>\n\t\t\t\t<div class=\"elementor-column elementor-col-33 elementor-top-column elementor-element elementor-element-190d476\" data-id=\"190d476\" data-element_type=\"column\">\n\t\t\t<div class=\"elementor-widget-wrap elementor-element-populated\">\n\t\t\t\t\t\t<div class=\"elementor-element elementor-element-dd4bf5a elementor-widget__width-initial elementor-widget elementor-widget-text-editor\" data-id=\"dd4bf5a\" data-element_type=\"widget\" data-widget_type=\"text-editor.default\">\n\t\t\t\t<div class=\"elementor-widget-container\">\n\t\t\t\t\t\t\t\t\t<ul>\n<li><strong>Motif Quality: <\/strong>Look for traditional Naqashi motifs:  chinar leaves, hazara, lotus, birds, Persian vines. <\/li>\n  <li><strong>Gold Highlights: <\/strong>Real tilla work has a subtle shine, not the  glittery finish of imitation products.<\/li>\n<\/ul>\t\t\t\t\t\t\t\t<\/div>\n\t\t\t\t<\/div>\n\t\t\t\t\t<\/div>\n\t\t<\/div>\n\t\t\t\t\t<\/div>\n\t\t<\/section>\n\t\t\t\t<\/div>\n\t\t","protected":false},"excerpt":{"rendered":"<p>Craft Name: Kashmiri Papier M\u00e2ch\u00e9 Region: Srinagar, Kashmir (Jammu &amp; Kashmir) CRAFT HISTORY Papier m\u00e2ch\u00e9 in Kashmir locally known as \u201cKar-e-Qalamdani\u201d traces its origins to the 14th century when the Persian mystic Mir Syed Ali Hamdani introduced Central Asian arts like paper crafting and naqashi. Kashmiri artisans adapted the technique using local materials and aesthetics. [&hellip;]<\/p>\n","protected":false},"author":1,"featured_media":0,"parent":0,"menu_order":0,"comment_status":"closed","ping_status":"closed","template":"elementor_header_footer","meta":{"footnotes":""},"class_list":["post-4867","page","type-page","status-publish","hentry"],"_links":{"self":[{"href":"https:\/\/www.aiacaonline.org\/craftkatha-pop-up\/wp-json\/wp\/v2\/pages\/4867","targetHints":{"allow":["GET"]}}],"collection":[{"href":"https:\/\/www.aiacaonline.org\/craftkatha-pop-up\/wp-json\/wp\/v2\/pages"}],"about":[{"href":"https:\/\/www.aiacaonline.org\/craftkatha-pop-up\/wp-json\/wp\/v2\/types\/page"}],"author":[{"embeddable":true,"href":"https:\/\/www.aiacaonline.org\/craftkatha-pop-up\/wp-json\/wp\/v2\/users\/1"}],"replies":[{"embeddable":true,"href":"https:\/\/www.aiacaonline.org\/craftkatha-pop-up\/wp-json\/wp\/v2\/comments?post=4867"}],"version-history":[{"count":19,"href":"https:\/\/www.aiacaonline.org\/craftkatha-pop-up\/wp-json\/wp\/v2\/pages\/4867\/revisions"}],"predecessor-version":[{"id":6368,"href":"https:\/\/www.aiacaonline.org\/craftkatha-pop-up\/wp-json\/wp\/v2\/pages\/4867\/revisions\/6368"}],"wp:attachment":[{"href":"https:\/\/www.aiacaonline.org\/craftkatha-pop-up\/wp-json\/wp\/v2\/media?parent=4867"}],"curies":[{"name":"wp","href":"https:\/\/api.w.org\/{rel}","templated":true}]}}